{"id":679,"date":"2016-11-28T19:10:09","date_gmt":"2016-11-28T18:10:09","guid":{"rendered":"https:\/\/parlemoideparfum.com\/my-account\/"},"modified":"2025-04-08T17:09:00","modified_gmt":"2025-04-08T15:09:00","slug":"my-account","status":"publish","type":"page","link":"https:\/\/parfums.g981.net\/en\/my-account\/","title":{"rendered":"My Account"},"content":{"rendered":"\t\t<div data-elementor-type=\"wp-page\" data-elementor-id=\"679\" class=\"elementor elementor-679 elementor-9\" data-elementor-post-type=\"page\">\n\t\t\t\t<div class=\"elementor-element elementor-element-966ba28 e-flex e-con-boxed e-con e-parent\" data-id=\"966ba28\" data-element_type=\"container\" data-e-type=\"container\">\n\t\t\t\t\t<div class=\"e-con-inner\">\n\t\t\t\t<div class=\"elementor-element elementor-element-6319976 elementor-widget elementor-widget-heading\" data-id=\"6319976\" data-element_type=\"widget\" data-e-type=\"widget\" data-widget_type=\"heading.default\">\n\t\t\t\t\t<h1 class=\"elementor-heading-title elementor-size-default\">My account<\/h1>\t\t\t\t<\/div>\n\t\t\t\t\t<\/div>\n\t\t\t\t<\/div>\n\t\t<div class=\"elementor-element elementor-element-5610147 e-flex e-con-boxed e-con e-parent\" data-id=\"5610147\" data-element_type=\"container\" data-e-type=\"container\">\n\t\t\t\t\t<div class=\"e-con-inner\">\n\t\t\t\t<div class=\"elementor-element elementor-element-13e883e elementor-widget elementor-widget-tp-woo-myaccount\" data-id=\"13e883e\" data-element_type=\"widget\" data-e-type=\"widget\" data-widget_type=\"tp-woo-myaccount.default\">\n\t\t\t\t\t<div class=\"tp-myaccount-page-wrapper tp_ma_l_2\"><div class=\"woocommerce\"><\/div><\/div>\t\t\t\t<\/div>\n\t\t\t\t\t<\/div>\n\t\t\t\t<\/div>\n\t\t\t\t<\/div>\n\t\t","protected":false},"excerpt":{"rendered":"<p>My account Tableau de bord Commandes T\u00e9l\u00e9chargements Adresses D\u00e9tails du compte Se d\u00e9connecter Bonjour Mika (vous n\u2019\u00eates pas Mika\u00a0? D\u00e9connexion) \u00c0 partir du tableau de bord de votre compte, vous pouvez visualiser vos commandes r\u00e9centes, g\u00e9rer vos adresses de livraison et de facturation ainsi que changer votre mot de passe et les d\u00e9tails de votre [&hellip;]<\/p>\n","protected":false},"author":1,"featured_media":0,"parent":0,"menu_order":0,"comment_status":"closed","ping_status":"closed","template":"","meta":{"footnotes":""},"folder":[],"class_list":["post-679","page","type-page","status-publish","hentry"],"_links":{"self":[{"href":"https:\/\/parfums.g981.net\/en\/wp-json\/wp\/v2\/pages\/679","targetHints":{"allow":["GET"]}}],"collection":[{"href":"https:\/\/parfums.g981.net\/en\/wp-json\/wp\/v2\/pages"}],"about":[{"href":"https:\/\/parfums.g981.net\/en\/wp-json\/wp\/v2\/types\/page"}],"author":[{"embeddable":true,"href":"https:\/\/parfums.g981.net\/en\/wp-json\/wp\/v2\/users\/1"}],"replies":[{"embeddable":true,"href":"https:\/\/parfums.g981.net\/en\/wp-json\/wp\/v2\/comments?post=679"}],"version-history":[{"count":0,"href":"https:\/\/parfums.g981.net\/en\/wp-json\/wp\/v2\/pages\/679\/revisions"}],"wp:attachment":[{"href":"https:\/\/parfums.g981.net\/en\/wp-json\/wp\/v2\/media?parent=679"}],"wp:term":[{"taxonomy":"folder","embeddable":true,"href":"https:\/\/parfums.g981.net\/en\/wp-json\/wp\/v2\/folder?post=679"}],"curies":[{"name":"wp","href":"https:\/\/api.w.org\/{rel}","templated":true}]}}