{"id":3018,"date":"2018-12-19T07:14:46","date_gmt":"2018-12-19T06:14:46","guid":{"rendered":"https:\/\/parlemoideparfum.com\/?page_id=3018"},"modified":"2025-04-08T18:01:49","modified_gmt":"2025-04-08T16:01:49","slug":"privacy-policy","status":"publish","type":"page","link":"https:\/\/parfums.g981.net\/en\/privacy-policy\/","title":{"rendered":"Privacy policy"},"content":{"rendered":"\t\t<div data-elementor-type=\"wp-page\" data-elementor-id=\"3018\" class=\"elementor elementor-3018 elementor-2981\" data-elementor-post-type=\"page\">\n\t\t\t\t<div class=\"elementor-element elementor-element-160ab64 e-flex e-con-boxed e-con e-parent\" data-id=\"160ab64\" data-element_type=\"container\" data-e-type=\"container\">\n\t\t\t\t\t<div class=\"e-con-inner\">\n\t\t\t\t<div class=\"elementor-element elementor-element-ed1f00b elementor-widget elementor-widget-heading\" data-id=\"ed1f00b\" data-element_type=\"widget\" data-e-type=\"widget\" data-widget_type=\"heading.default\">\n\t\t\t\t\t<h1 class=\"elementor-heading-title elementor-size-default\">Privacy policy<\/h1>\t\t\t\t<\/div>\n\t\t\t\t\t<\/div>\n\t\t\t\t<\/div>\n\t\t<div class=\"elementor-element elementor-element-2e94870 e-flex e-con-boxed e-con e-parent\" data-id=\"2e94870\" data-element_type=\"container\" data-e-type=\"container\" data-settings=\"{&quot;background_background&quot;:&quot;classic&quot;}\">\n\t\t\t\t\t<div class=\"e-con-inner\">\n\t\t<div class=\"elementor-element elementor-element-2b8b3cc e-con-full e-flex e-con e-child\" data-id=\"2b8b3cc\" data-element_type=\"container\" data-e-type=\"container\">\n\t\t<div class=\"elementor-element elementor-element-55e4e4a e-con-full e-flex e-con e-child\" data-id=\"55e4e4a\" data-element_type=\"container\" data-e-type=\"container\">\n\t\t\t\t<div class=\"elementor-element elementor-element-93f2c9d elementor-widget elementor-widget-heading\" data-id=\"93f2c9d\" data-element_type=\"widget\" data-e-type=\"widget\" data-widget_type=\"heading.default\">\n\t\t\t\t\t<h2 class=\"elementor-heading-title elementor-size-default\">G\u00e9n\u00e9ralit\u00e9s<\/h2>\t\t\t\t<\/div>\n\t\t\t\t<div class=\"elementor-element elementor-element-6e21b15 elementor-widget elementor-widget-text-editor\" data-id=\"6e21b15\" data-element_type=\"widget\" data-e-type=\"widget\" data-widget_type=\"text-editor.default\">\n\t\t\t\t\t\t\t\t\t<p>Vous pouvez naviguer sur une grande partie de notre site sans fournir de donn\u00e9es \u00e0 caract\u00e8re personnel. Cependant, dans certains cas, nous sommes amen\u00e9s \u00e0 vous demander certaines informations personnelles.<\/p><p>La pr\u00e9sente politique vise \u00e0 vous informer de nos pratiques concernant la collecte et l\u2019utilisation des informations que vous \u00eates amen\u00e9s \u00e0 nous communiquer. Le responsable du traitement de ces donn\u00e9es est Benjamin Almairac joignable par email \u00e0\u00a0<a class=\"mail-link\" target=\"_blank\" rel=\"noopener\" data-enc-email=\"orawnzva.nyznvenp[at]tznvy.pbz\" data-wpel-link=\"ignore\"><span id=\"eeb-657532-43881\">benjamin.almairac@gmail.com<\/span><\/a>.<\/p><p>Toutes les informations recueillies :<\/p><p>\u2022 seront obtenues et trait\u00e9es loyalement et licitement<br \/>\u2022 seront enregistr\u00e9es pour les finalit\u00e9s ci-apr\u00e8s d\u00e9termin\u00e9es et l\u00e9gitimes<br \/>\u2022 seront employ\u00e9es conform\u00e9ment \u00e0 ces finalit\u00e9s<br \/>\u2022 seront ad\u00e9quates, pertinentes et non excessives par rapport \u00e0 ces finalit\u00e9s<br \/>\u2022 feront l\u2019objet de pr\u00e9cautions de nature \u00e0 assurer la s\u00e9curit\u00e9 et la confidentialit\u00e9 des donn\u00e9es en vue d\u2019emp\u00eacher qu\u2019elles puissent \u00eatre endommag\u00e9es, modifi\u00e9es, d\u00e9truites ou communiqu\u00e9es \u00e0 des tiers non autoris\u00e9s<\/p>\t\t\t\t\t\t\t\t<\/div>\n\t\t\t\t<div class=\"elementor-element elementor-element-367eff9 elementor-widget-divider--view-line elementor-widget elementor-widget-divider\" data-id=\"367eff9\" data-element_type=\"widget\" data-e-type=\"widget\" data-widget_type=\"divider.default\">\n\t\t\t\t\t\t\t<div class=\"elementor-divider\">\n\t\t\t<span class=\"elementor-divider-separator\">\n\t\t\t\t\t\t<\/span>\n\t\t<\/div>\n\t\t\t\t\t\t<\/div>\n\t\t\t\t<\/div>\n\t\t<div class=\"elementor-element elementor-element-054142b e-con-full e-flex e-con e-child\" data-id=\"054142b\" data-element_type=\"container\" data-e-type=\"container\">\n\t\t\t\t<div class=\"elementor-element elementor-element-e54839a elementor-widget elementor-widget-heading\" data-id=\"e54839a\" data-element_type=\"widget\" data-e-type=\"widget\" data-widget_type=\"heading.default\">\n\t\t\t\t\t<h2 class=\"elementor-heading-title elementor-size-default\">Quelles donn\u00e9es personnelles nous collectons et pourquoi nous les collectons ?<\/h2>\t\t\t\t<\/div>\n\t\t\t\t<div class=\"elementor-element elementor-element-2fcfbb9 elementor-widget elementor-widget-text-editor\" data-id=\"2fcfbb9\" data-element_type=\"widget\" data-e-type=\"widget\" data-widget_type=\"text-editor.default\">\n\t\t\t\t\t\t\t\t\t<p>Lorsque vous passez commande sur\u00a0<a href=\"https:\/\/parlemoideparfum.com\/\">parlemoideparfum.com<\/a>, vous \u00eates amen\u00e9s \u00e0 nous communiquer certaines informations personnelles.<\/p><p>Ces informations concernent votre identit\u00e9 et sont indispensables : civilit\u00e9 \/ nom \/ pr\u00e9nom \/ email \/ adresse postale.<\/p><p>D\u2019autres informations sont facultatives : soci\u00e9t\u00e9 \/ t\u00e9l\u00e9phone.<\/p><p>La collecte des donn\u00e9es \u00e0 caract\u00e8re personnel a pour finalit\u00e9 :<\/p><p>\u2022 de suivre et de traiter les commandes re\u00e7ues<br \/>\u2022 de communiquer avec les clients (envoi d\u2019email\u2026)<\/p>\t\t\t\t\t\t\t\t<\/div>\n\t\t\t\t<div class=\"elementor-element elementor-element-774ea37 elementor-widget-divider--view-line elementor-widget elementor-widget-divider\" data-id=\"774ea37\" data-element_type=\"widget\" data-e-type=\"widget\" data-widget_type=\"divider.default\">\n\t\t\t\t\t\t\t<div class=\"elementor-divider\">\n\t\t\t<span class=\"elementor-divider-separator\">\n\t\t\t\t\t\t<\/span>\n\t\t<\/div>\n\t\t\t\t\t\t<\/div>\n\t\t\t\t<\/div>\n\t\t<div class=\"elementor-element elementor-element-b26542a e-con-full e-flex e-con e-child\" data-id=\"b26542a\" data-element_type=\"container\" data-e-type=\"container\">\n\t\t\t\t<div class=\"elementor-element elementor-element-fe041cd elementor-widget elementor-widget-heading\" data-id=\"fe041cd\" data-element_type=\"widget\" data-e-type=\"widget\" data-widget_type=\"heading.default\">\n\t\t\t\t\t<h2 class=\"elementor-heading-title elementor-size-default\">Cookies<\/h2>\t\t\t\t<\/div>\n\t\t\t\t<div class=\"elementor-element elementor-element-ac042fc elementor-widget elementor-widget-text-editor\" data-id=\"ac042fc\" data-element_type=\"widget\" data-e-type=\"widget\" data-widget_type=\"text-editor.default\">\n\t\t\t\t\t\t\t\t\t<p>Si vous laissez un commentaire sur notre site, vous pouvez choisir d\u2019enregistrer votre nom, votre adresse e-mail et votre site Web dans des cookies. Ce sont pour votre commodit\u00e9 afin que vous n\u2019ayez pas \u00e0 remplir \u00e0 nouveau vos informations lorsque vous laissez un autre commentaire. Ces cookies dureront un an.<\/p><p>Si vous avez un compte et que vous vous connectez \u00e0 ce site, nous allons d\u00e9finir un cookie temporaire pour d\u00e9terminer si votre navigateur accepte les cookies. Ce cookie ne contient aucune donn\u00e9e personnelle et est supprim\u00e9 lorsque vous fermez votre navigateur.<\/p><p>Lorsque vous vous connectez, nous allons \u00e9galement configurer plusieurs cookies pour enregistrer vos informations de connexion et vos choix d\u2019affichage \u00e0 l\u2019\u00e9cran. Les cookies de connexion durent deux jours et les options des cookies d\u2019\u00e9cran durent un an. Si vous s\u00e9lectionnez \u00ab Se souvenir de moi \u00bb, votre connexion persistera pendant deux semaines. Si vous vous d\u00e9connectez de votre compte, les cookies de connexion seront supprim\u00e9s. Consultez la page\u00a0<a href=\"https:\/\/parlemoideparfum.com\/politique-de-cookies-ue\/\">Politique de cookies<\/a>\u00a0pour plus d\u2019information.<\/p>\t\t\t\t\t\t\t\t<\/div>\n\t\t\t\t<div class=\"elementor-element elementor-element-da20071 elementor-widget-divider--view-line elementor-widget elementor-widget-divider\" data-id=\"da20071\" data-element_type=\"widget\" data-e-type=\"widget\" data-widget_type=\"divider.default\">\n\t\t\t\t\t\t\t<div class=\"elementor-divider\">\n\t\t\t<span class=\"elementor-divider-separator\">\n\t\t\t\t\t\t<\/span>\n\t\t<\/div>\n\t\t\t\t\t\t<\/div>\n\t\t\t\t<\/div>\n\t\t<div class=\"elementor-element elementor-element-36b3648 e-con-full e-flex e-con e-child\" data-id=\"36b3648\" data-element_type=\"container\" data-e-type=\"container\">\n\t\t\t\t<div class=\"elementor-element elementor-element-cf53664 elementor-widget elementor-widget-heading\" data-id=\"cf53664\" data-element_type=\"widget\" data-e-type=\"widget\" data-widget_type=\"heading.default\">\n\t\t\t\t\t<h2 class=\"elementor-heading-title elementor-size-default\">Analytique<\/h2>\t\t\t\t<\/div>\n\t\t\t\t<div class=\"elementor-element elementor-element-4476177 elementor-widget elementor-widget-text-editor\" data-id=\"4476177\" data-element_type=\"widget\" data-e-type=\"widget\" data-widget_type=\"text-editor.default\">\n\t\t\t\t\t\t\t\t\t<p>Le site parlemoideparfum.com a par ailleurs recours aux techniques de cookies lui permettant de traiter des donn\u00e9es de navigation (informations non personnelles). Consultez la page\u00a0<a href=\"https:\/\/parlemoideparfum.com\/politique-de-cookies-ue\/\">Politique de cookies<\/a>\u00a0pour plus d\u2019information.<\/p>\t\t\t\t\t\t\t\t<\/div>\n\t\t\t\t<div class=\"elementor-element elementor-element-302f437 elementor-widget-divider--view-line elementor-widget elementor-widget-divider\" data-id=\"302f437\" data-element_type=\"widget\" data-e-type=\"widget\" data-widget_type=\"divider.default\">\n\t\t\t\t\t\t\t<div class=\"elementor-divider\">\n\t\t\t<span class=\"elementor-divider-separator\">\n\t\t\t\t\t\t<\/span>\n\t\t<\/div>\n\t\t\t\t\t\t<\/div>\n\t\t\t\t<\/div>\n\t\t<div class=\"elementor-element elementor-element-bece139 e-con-full e-flex e-con e-child\" data-id=\"bece139\" data-element_type=\"container\" data-e-type=\"container\">\n\t\t\t\t<div class=\"elementor-element elementor-element-d131b0b elementor-widget elementor-widget-heading\" data-id=\"d131b0b\" data-element_type=\"widget\" data-e-type=\"widget\" data-widget_type=\"heading.default\">\n\t\t\t\t\t<h2 class=\"elementor-heading-title elementor-size-default\">Avec qui partageons-nous vos donn\u00e9es ?<\/h2>\t\t\t\t<\/div>\n\t\t\t\t<div class=\"elementor-element elementor-element-6830c00 elementor-widget elementor-widget-text-editor\" data-id=\"6830c00\" data-element_type=\"widget\" data-e-type=\"widget\" data-widget_type=\"text-editor.default\">\n\t\t\t\t\t\t\t\t\t<p>Les commentaires des visiteurs peuvent \u00eatre v\u00e9rifi\u00e9s via un service automatis\u00e9 de d\u00e9tection de spam.<\/p><p>Nous sommes susceptibles de partager vos donn\u00e9es avec des prestataires de services (webmaster et traitement des commandes le cas \u00e9ch\u00e9ant) dans le respect de la stricte application de la pr\u00e9sente politique. L\u2019acc\u00e8s aux donn\u00e9es \u00e0 caract\u00e8re personnel collect\u00e9es est strictement limit\u00e9 aux personnes en charge du traitement de l\u2019information.<\/p><p>Les sous-traitants et prestataires de service sont soumis \u00e0 une obligation de confidentialit\u00e9 et ne peuvent utiliser les donn\u00e9es qu\u2019en conformit\u00e9 avec les dispositions contractuelles et la l\u00e9gislation applicable.<\/p>\t\t\t\t\t\t\t\t<\/div>\n\t\t\t\t<div class=\"elementor-element elementor-element-0e884d6 elementor-widget-divider--view-line elementor-widget elementor-widget-divider\" data-id=\"0e884d6\" data-element_type=\"widget\" data-e-type=\"widget\" data-widget_type=\"divider.default\">\n\t\t\t\t\t\t\t<div class=\"elementor-divider\">\n\t\t\t<span class=\"elementor-divider-separator\">\n\t\t\t\t\t\t<\/span>\n\t\t<\/div>\n\t\t\t\t\t\t<\/div>\n\t\t\t\t<\/div>\n\t\t\t\t<\/div>\n\t\t<div class=\"elementor-element elementor-element-944dcde e-con-full e-flex e-con e-child\" data-id=\"944dcde\" data-element_type=\"container\" data-e-type=\"container\">\n\t\t<div class=\"elementor-element elementor-element-4c3dd5a e-con-full e-flex e-con e-child\" data-id=\"4c3dd5a\" data-element_type=\"container\" data-e-type=\"container\">\n\t\t\t\t<div class=\"elementor-element elementor-element-0bf9fda elementor-widget elementor-widget-heading\" data-id=\"0bf9fda\" data-element_type=\"widget\" data-e-type=\"widget\" data-widget_type=\"heading.default\">\n\t\t\t\t\t<h2 class=\"elementor-heading-title elementor-size-default\">Combien de temps nous conservons vos donn\u00e9es<\/h2>\t\t\t\t<\/div>\n\t\t\t\t<div class=\"elementor-element elementor-element-f9ccdf7 elementor-widget elementor-widget-text-editor\" data-id=\"f9ccdf7\" data-element_type=\"widget\" data-e-type=\"widget\" data-widget_type=\"text-editor.default\">\n\t\t\t\t\t\t\t\t\t<p>Pour les utilisateurs qui s\u2019inscrivent sur notre site Web (le cas \u00e9ch\u00e9ant), nous stockons \u00e9galement les informations personnelles qu\u2019ils fournissent dans leur profil d\u2019utilisateur. Tous les utilisateurs peuvent voir, modifier ou supprimer leurs informations personnelles \u00e0 tout moment (sauf qu\u2019ils ne peuvent pas changer leur nom d\u2019utilisateur). Les administrateurs de sites Web peuvent \u00e9galement voir et modifier ces informations.<\/p><p>La suppression de ces donn\u00e9es personnelles s\u2019effectuera une fois par ann\u00e9e civile sauf si vous exercez pr\u00e9alablement votre droit de suppression de vos donn\u00e9es, dans les conditions d\u00e9crites ci-apr\u00e8s.<\/p>\t\t\t\t\t\t\t\t<\/div>\n\t\t\t\t<div class=\"elementor-element elementor-element-a88ee2b elementor-widget-divider--view-line elementor-widget elementor-widget-divider\" data-id=\"a88ee2b\" data-element_type=\"widget\" data-e-type=\"widget\" data-widget_type=\"divider.default\">\n\t\t\t\t\t\t\t<div class=\"elementor-divider\">\n\t\t\t<span class=\"elementor-divider-separator\">\n\t\t\t\t\t\t<\/span>\n\t\t<\/div>\n\t\t\t\t\t\t<\/div>\n\t\t<div class=\"elementor-element elementor-element-7c9bf45 e-con-full e-flex e-con e-child\" data-id=\"7c9bf45\" data-element_type=\"container\" data-e-type=\"container\">\n\t\t\t\t<div class=\"elementor-element elementor-element-ae2de4f elementor-widget elementor-widget-heading\" data-id=\"ae2de4f\" data-element_type=\"widget\" data-e-type=\"widget\" data-widget_type=\"heading.default\">\n\t\t\t\t\t<h2 class=\"elementor-heading-title elementor-size-default\">M\u00e9dias<\/h2>\t\t\t\t<\/div>\n\t\t\t\t<div class=\"elementor-element elementor-element-178fcb8 elementor-widget elementor-widget-text-editor\" data-id=\"178fcb8\" data-element_type=\"widget\" data-e-type=\"widget\" data-widget_type=\"text-editor.default\">\n\t\t\t\t\t\t\t\t\t<p>Tous les \u00e9l\u00e9ments du site\u00a0<a href=\"https:\/\/parlemoideparfum.com\/\">parlemoideparfum.com<\/a>\u00a0sont et restent la propri\u00e9t\u00e9 intellectuelle et exclusive de ????. Personne n\u2019est autoris\u00e9 \u00e0 reproduire, exploiter, rediffuser, ou utiliser \u00e0 quelque titre que ce soit, m\u00eame partiellement, des \u00e9l\u00e9ments du site qu\u2019ils soient logiciels, visuels ou sonores.<\/p>\t\t\t\t\t\t\t\t<\/div>\n\t\t\t\t<div class=\"elementor-element elementor-element-a2728a3 elementor-widget-divider--view-line elementor-widget elementor-widget-divider\" data-id=\"a2728a3\" data-element_type=\"widget\" data-e-type=\"widget\" data-widget_type=\"divider.default\">\n\t\t\t\t\t\t\t<div class=\"elementor-divider\">\n\t\t\t<span class=\"elementor-divider-separator\">\n\t\t\t\t\t\t<\/span>\n\t\t<\/div>\n\t\t\t\t\t\t<\/div>\n\t\t\t\t<\/div>\n\t\t\t\t<\/div>\n\t\t<div class=\"elementor-element elementor-element-3f291b1 e-con-full e-flex e-con e-child\" data-id=\"3f291b1\" data-element_type=\"container\" data-e-type=\"container\">\n\t\t\t\t<div class=\"elementor-element elementor-element-1810e50 elementor-widget elementor-widget-heading\" data-id=\"1810e50\" data-element_type=\"widget\" data-e-type=\"widget\" data-widget_type=\"heading.default\">\n\t\t\t\t\t<h2 class=\"elementor-heading-title elementor-size-default\">Quels droits avez-vous sur vos donn\u00e9es ?<\/h2>\t\t\t\t<\/div>\n\t\t\t\t<div class=\"elementor-element elementor-element-768feaa elementor-widget elementor-widget-text-editor\" data-id=\"768feaa\" data-element_type=\"widget\" data-e-type=\"widget\" data-widget_type=\"text-editor.default\">\n\t\t\t\t\t\t\t\t\t<p>Si vous avez un compte sur ce site vous pouvez demander \u00e0 recevoir un fichier export\u00e9 des donn\u00e9es personnelles que nous d\u00e9tenons \u00e0 votre sujet, y compris les donn\u00e9es que vous nous avez fournies. Vous pouvez \u00e9galement demander que nous effacions toutes les donn\u00e9es personnelles que nous d\u00e9tenons \u00e0 votre sujet. Cela n\u2019inclut pas les donn\u00e9es que nous sommes oblig\u00e9s de conserver \u00e0 des fins administratives, juridiques ou de s\u00e9curit\u00e9.<\/p>\t\t\t\t\t\t\t\t<\/div>\n\t\t\t\t<div class=\"elementor-element elementor-element-17f9c6f elementor-widget-divider--view-line elementor-widget elementor-widget-divider\" data-id=\"17f9c6f\" data-element_type=\"widget\" data-e-type=\"widget\" data-widget_type=\"divider.default\">\n\t\t\t\t\t\t\t<div class=\"elementor-divider\">\n\t\t\t<span class=\"elementor-divider-separator\">\n\t\t\t\t\t\t<\/span>\n\t\t<\/div>\n\t\t\t\t\t\t<\/div>\n\t\t\t\t<\/div>\n\t\t<div class=\"elementor-element elementor-element-0418e6c e-con-full e-flex e-con e-child\" data-id=\"0418e6c\" data-element_type=\"container\" data-e-type=\"container\">\n\t\t\t\t<div class=\"elementor-element elementor-element-bd95035 elementor-widget elementor-widget-heading\" data-id=\"bd95035\" data-element_type=\"widget\" data-e-type=\"widget\" data-widget_type=\"heading.default\">\n\t\t\t\t\t<h2 class=\"elementor-heading-title elementor-size-default\">Quels sont vos droits<\/h2>\t\t\t\t<\/div>\n\t\t\t\t<div class=\"elementor-element elementor-element-9a7d964 elementor-widget elementor-widget-text-editor\" data-id=\"9a7d964\" data-element_type=\"widget\" data-e-type=\"widget\" data-widget_type=\"text-editor.default\">\n\t\t\t\t\t\t\t\t\t<p><strong>\u2022 Droit d\u2019acc\u00e8s<\/strong> : Vous disposez du droit de recevoir une copie de vos donn\u00e9es que nous poss\u00e9dons.<br \/><strong>\u2022 Droit d\u2019effacement et droit de rectification<\/strong> : Vous pouvez \u00e9galement demander l\u2019effacement de vos donn\u00e9es ainsi que la rectification de toute erreur ou information obsol\u00e8te.<br \/><strong>\u2022 Droit d\u2019opposition<\/strong> : Vous disposez \u00e9galement du droit de vous opposer \u00e0 tout moment au traitement de vos donn\u00e9es personnelles \u00e0 des fins de marketing ou aux traitements effectu\u00e9s.<br \/><strong>\u2022 Droit \u00e0 la limitation<\/strong> : Vous disposez, dans certains cas vis\u00e9s par la r\u00e9glementation, du droit de demander la suspension d\u2019un traitement effectu\u00e9 sur vos donn\u00e9es.<br \/><strong>\u2022 Droit \u00e0 la portabilit\u00e9<\/strong> : Vous disposez du droit \u00e0 la portabilit\u00e9 de vos donn\u00e9es, c\u2019est-\u00e0-dire au droit de recevoir les donn\u00e9es que nous poss\u00e9dons dans un format structur\u00e9, couramment utilis\u00e9 et lisible et le droit de transmettre ces donn\u00e9es \u00e0 un autre responsable de traitement.<br \/><strong>\u2022 Droit \u00e0 l\u2019oubli<\/strong> : Vous disposez du droit de d\u00e9finir des directives relatives au sort de vos donn\u00e9es personnelles.<\/p><p>Vous pouvez exercer vos droits sur simple demande envoy\u00e9e par courrier \u00e9lectronique \u00e0 l\u2019adresse :\u00a0<span id=\"eeb-338647-776881\">benjamin.almairac@gmail.com<\/span>. Toute demande doit \u00eatre claire et pr\u00e9cise.<\/p>\t\t\t\t\t\t\t\t<\/div>\n\t\t\t\t<div class=\"elementor-element elementor-element-cb7e83d elementor-widget-divider--view-line elementor-widget elementor-widget-divider\" data-id=\"cb7e83d\" data-element_type=\"widget\" data-e-type=\"widget\" data-widget_type=\"divider.default\">\n\t\t\t\t\t\t\t<div class=\"elementor-divider\">\n\t\t\t<span class=\"elementor-divider-separator\">\n\t\t\t\t\t\t<\/span>\n\t\t<\/div>\n\t\t\t\t\t\t<\/div>\n\t\t\t\t<\/div>\n\t\t<div class=\"elementor-element elementor-element-5fb10c1 e-con-full e-flex e-con e-child\" data-id=\"5fb10c1\" data-element_type=\"container\" data-e-type=\"container\">\n\t\t\t\t<div class=\"elementor-element elementor-element-17ec7d0 elementor-widget elementor-widget-heading\" data-id=\"17ec7d0\" data-element_type=\"widget\" data-e-type=\"widget\" data-widget_type=\"heading.default\">\n\t\t\t\t\t<h2 class=\"elementor-heading-title elementor-size-default\">O\u00f9 nous envoyons vos donn\u00e9es<\/h2>\t\t\t\t<\/div>\n\t\t\t\t<div class=\"elementor-element elementor-element-cf269f0 elementor-widget elementor-widget-text-editor\" data-id=\"cf269f0\" data-element_type=\"widget\" data-e-type=\"widget\" data-widget_type=\"text-editor.default\">\n\t\t\t\t\t\t\t\t\t<p>Vos donn\u00e9es ne seront jamais transf\u00e9r\u00e9es ni conserv\u00e9es au-dehors de l\u2019Union Europ\u00e9enne.<\/p>\t\t\t\t\t\t\t\t<\/div>\n\t\t\t\t<div class=\"elementor-element elementor-element-86b538b elementor-widget-divider--view-line elementor-widget elementor-widget-divider\" data-id=\"86b538b\" data-element_type=\"widget\" data-e-type=\"widget\" data-widget_type=\"divider.default\">\n\t\t\t\t\t\t\t<div class=\"elementor-divider\">\n\t\t\t<span class=\"elementor-divider-separator\">\n\t\t\t\t\t\t<\/span>\n\t\t<\/div>\n\t\t\t\t\t\t<\/div>\n\t\t\t\t<\/div>\n\t\t<div class=\"elementor-element elementor-element-4dcf0e0 e-con-full e-flex e-con e-child\" data-id=\"4dcf0e0\" data-element_type=\"container\" data-e-type=\"container\">\n\t\t\t\t<div class=\"elementor-element elementor-element-3d76cfe elementor-widget elementor-widget-heading\" data-id=\"3d76cfe\" data-element_type=\"widget\" data-e-type=\"widget\" data-widget_type=\"heading.default\">\n\t\t\t\t\t<h2 class=\"elementor-heading-title elementor-size-default\">Comment prot\u00e9geons-nous vos donn\u00e9es<\/h2>\t\t\t\t<\/div>\n\t\t\t\t<div class=\"elementor-element elementor-element-67bd9c2 elementor-widget elementor-widget-text-editor\" data-id=\"67bd9c2\" data-element_type=\"widget\" data-e-type=\"widget\" data-widget_type=\"text-editor.default\">\n\t\t\t\t\t\t\t\t\t<p>Vos donn\u00e9es \u00e0 caract\u00e8re personnel sont trait\u00e9es de fa\u00e7on \u00e0 garantir une s\u00e9curit\u00e9 maximale.<\/p><p>A cet effet, nous avons mis en place des mesures techniques, de mises \u00e0 jour logicielles et des infrastructures informatiques appropri\u00e9es afin de prot\u00e9ger les donn\u00e9es contre toute attaque informatique et contre les virus.<\/p><p>Parle Moi de Parfum s\u2019assure que ses sous-traitants et prestataires de services mettent en \u0153uvre toutes les mesures de s\u00e9curit\u00e9 appropri\u00e9es aux donn\u00e9es personnelles qu\u2019ils traitent.<\/p><p>Parle Moi de Parfum s\u2019engage \u00e0 analyser et \u00e0 \u00e9valuer r\u00e9guli\u00e8rement l\u2019efficacit\u00e9 de ces mesures.<\/p>\t\t\t\t\t\t\t\t<\/div>\n\t\t\t\t<div class=\"elementor-element elementor-element-b8b41bc elementor-widget-divider--view-line elementor-widget elementor-widget-divider\" data-id=\"b8b41bc\" data-element_type=\"widget\" data-e-type=\"widget\" data-widget_type=\"divider.default\">\n\t\t\t\t\t\t\t<div class=\"elementor-divider\">\n\t\t\t<span class=\"elementor-divider-separator\">\n\t\t\t\t\t\t<\/span>\n\t\t<\/div>\n\t\t\t\t\t\t<\/div>\n\t\t\t\t<\/div>\n\t\t<div class=\"elementor-element elementor-element-376e3bd e-con-full e-flex e-con e-child\" data-id=\"376e3bd\" data-element_type=\"container\" data-e-type=\"container\">\n\t\t\t\t<div class=\"elementor-element elementor-element-26b6eb5 elementor-widget elementor-widget-heading\" data-id=\"26b6eb5\" data-element_type=\"widget\" data-e-type=\"widget\" data-widget_type=\"heading.default\">\n\t\t\t\t\t<h2 class=\"elementor-heading-title elementor-size-default\">Modifications de la pr\u00e9sente politique<\/h2>\t\t\t\t<\/div>\n\t\t\t\t<div class=\"elementor-element elementor-element-f68843c elementor-widget elementor-widget-text-editor\" data-id=\"f68843c\" data-element_type=\"widget\" data-e-type=\"widget\" data-widget_type=\"text-editor.default\">\n\t\t\t\t\t\t\t\t\t<p>Nous nous r\u00e9servons le droit de modifier \u00e0 tout moment la pr\u00e9sente Politique, en tenant compte des dispositions en vigueur.<\/p>\t\t\t\t\t\t\t\t<\/div>\n\t\t\t\t<div class=\"elementor-element elementor-element-e37ef06 elementor-widget-divider--view-line elementor-widget elementor-widget-divider\" data-id=\"e37ef06\" data-element_type=\"widget\" data-e-type=\"widget\" data-widget_type=\"divider.default\">\n\t\t\t\t\t\t\t<div class=\"elementor-divider\">\n\t\t\t<span class=\"elementor-divider-separator\">\n\t\t\t\t\t\t<\/span>\n\t\t<\/div>\n\t\t\t\t\t\t<\/div>\n\t\t\t\t<\/div>\n\t\t\t\t<\/div>\n\t\t\t\t\t<\/div>\n\t\t\t\t<\/div>\n\t\t\t\t<\/div>\n\t\t","protected":false},"excerpt":{"rendered":"<p>Privacy policy G\u00e9n\u00e9ralit\u00e9s Vous pouvez naviguer sur une grande partie de notre site sans fournir de donn\u00e9es \u00e0 caract\u00e8re personnel. Cependant, dans certains cas, nous sommes amen\u00e9s \u00e0 vous demander certaines informations personnelles. La pr\u00e9sente politique vise \u00e0 vous informer de nos pratiques concernant la collecte et l\u2019utilisation des informations que vous \u00eates amen\u00e9s \u00e0 [&hellip;]<\/p>\n","protected":false},"author":1,"featured_media":0,"parent":0,"menu_order":0,"comment_status":"closed","ping_status":"closed","template":"","meta":{"footnotes":""},"folder":[],"class_list":["post-3018","page","type-page","status-publish","hentry"],"_links":{"self":[{"href":"https:\/\/parfums.g981.net\/en\/wp-json\/wp\/v2\/pages\/3018","targetHints":{"allow":["GET"]}}],"collection":[{"href":"https:\/\/parfums.g981.net\/en\/wp-json\/wp\/v2\/pages"}],"about":[{"href":"https:\/\/parfums.g981.net\/en\/wp-json\/wp\/v2\/types\/page"}],"author":[{"embeddable":true,"href":"https:\/\/parfums.g981.net\/en\/wp-json\/wp\/v2\/users\/1"}],"replies":[{"embeddable":true,"href":"https:\/\/parfums.g981.net\/en\/wp-json\/wp\/v2\/comments?post=3018"}],"version-history":[{"count":0,"href":"https:\/\/parfums.g981.net\/en\/wp-json\/wp\/v2\/pages\/3018\/revisions"}],"wp:attachment":[{"href":"https:\/\/parfums.g981.net\/en\/wp-json\/wp\/v2\/media?parent=3018"}],"wp:term":[{"taxonomy":"folder","embeddable":true,"href":"https:\/\/parfums.g981.net\/en\/wp-json\/wp\/v2\/folder?post=3018"}],"curies":[{"name":"wp","href":"https:\/\/api.w.org\/{rel}","templated":true}]}}