{"id":3015,"date":"2018-12-19T07:11:49","date_gmt":"2018-12-19T06:11:49","guid":{"rendered":"https:\/\/parlemoideparfum.com\/?page_id=3015"},"modified":"2025-04-08T17:58:15","modified_gmt":"2025-04-08T15:58:15","slug":"legal-notice","status":"publish","type":"page","link":"https:\/\/parfums.g981.net\/en\/legal-notice\/","title":{"rendered":"Legal Notice"},"content":{"rendered":"\t\t<div data-elementor-type=\"wp-page\" data-elementor-id=\"3015\" class=\"elementor elementor-3015 elementor-2985\" data-elementor-post-type=\"page\">\n\t\t\t\t<div class=\"elementor-element elementor-element-04502cb e-flex e-con-boxed e-con e-parent\" data-id=\"04502cb\" data-element_type=\"container\" data-e-type=\"container\">\n\t\t\t\t\t<div class=\"e-con-inner\">\n\t\t\t\t<div class=\"elementor-element elementor-element-25d8812 elementor-widget elementor-widget-heading\" data-id=\"25d8812\" data-element_type=\"widget\" data-e-type=\"widget\" data-widget_type=\"heading.default\">\n\t\t\t\t\t<h1 class=\"elementor-heading-title elementor-size-default\">Legal notice<\/h1>\t\t\t\t<\/div>\n\t\t\t\t\t<\/div>\n\t\t\t\t<\/div>\n\t\t<div class=\"elementor-element elementor-element-04214b5 e-flex e-con-boxed e-con e-parent\" data-id=\"04214b5\" data-element_type=\"container\" data-e-type=\"container\" data-settings=\"{&quot;background_background&quot;:&quot;classic&quot;}\">\n\t\t\t\t\t<div class=\"e-con-inner\">\n\t\t<div class=\"elementor-element elementor-element-9358bc9 e-con-full e-flex e-con e-child\" data-id=\"9358bc9\" data-element_type=\"container\" data-e-type=\"container\" data-settings=\"{&quot;sticky&quot;:&quot;top&quot;,&quot;sticky_on&quot;:[&quot;desktop&quot;,&quot;tablet&quot;],&quot;sticky_parent&quot;:&quot;yes&quot;,&quot;sticky_offset&quot;:0,&quot;sticky_effects_offset&quot;:0,&quot;sticky_anchor_link_offset&quot;:0}\">\n\t\t<div class=\"elementor-element elementor-element-1822fb1 e-con-full e-flex e-con e-child\" data-id=\"1822fb1\" data-element_type=\"container\" data-e-type=\"container\">\n\t\t\t\t<div class=\"elementor-element elementor-element-00f1d11 elementor-widget elementor-widget-heading\" data-id=\"00f1d11\" data-element_type=\"widget\" data-e-type=\"widget\" data-widget_type=\"heading.default\">\n\t\t\t\t\t<h2 class=\"elementor-heading-title elementor-size-default\">Site editor<\/h2>\t\t\t\t<\/div>\n\t\t\t\t<div class=\"elementor-element elementor-element-0c0dd02 elementor-widget elementor-widget-text-editor\" data-id=\"0c0dd02\" data-element_type=\"widget\" data-e-type=\"widget\" data-widget_type=\"text-editor.default\">\n\t\t\t\t\t\t\t\t\t<p><strong>Parle Moi de Parfum<\/strong><br \/>10 Rue de S\u00e9vign\u00e9<br \/>75004 Paris<br \/>France<\/p><p>SIRET : 820 363 927 00014<\/p>\t\t\t\t\t\t\t\t<\/div>\n\t\t\t\t<div class=\"elementor-element elementor-element-6c1388c elementor-widget-divider--view-line elementor-widget elementor-widget-divider\" data-id=\"6c1388c\" data-element_type=\"widget\" data-e-type=\"widget\" data-widget_type=\"divider.default\">\n\t\t\t\t\t\t\t<div class=\"elementor-divider\">\n\t\t\t<span class=\"elementor-divider-separator\">\n\t\t\t\t\t\t<\/span>\n\t\t<\/div>\n\t\t\t\t\t\t<\/div>\n\t\t\t\t<\/div>\n\t\t<div class=\"elementor-element elementor-element-fd845f3 e-con-full e-flex e-con e-child\" data-id=\"fd845f3\" data-element_type=\"container\" data-e-type=\"container\">\n\t\t\t\t<div class=\"elementor-element elementor-element-0f33ef3 elementor-widget elementor-widget-heading\" data-id=\"0f33ef3\" data-element_type=\"widget\" data-e-type=\"widget\" data-widget_type=\"heading.default\">\n\t\t\t\t\t<h2 class=\"elementor-heading-title elementor-size-default\">Publication manager<\/h2>\t\t\t\t<\/div>\n\t\t\t\t<div class=\"elementor-element elementor-element-9ee7e4d elementor-widget elementor-widget-text-editor\" data-id=\"9ee7e4d\" data-element_type=\"widget\" data-e-type=\"widget\" data-widget_type=\"text-editor.default\">\n\t\t\t\t\t\t\t\t\t<p><strong>Benjamin Almairac<\/strong><br \/><a href=\"mailto:contact@parlemoideparfum.com\"><span id=\"eeb-57367-287444\">contact@parlemoideparfum.com<\/span><\/a><br \/>+33 (0)9 86 47 07 99<\/p>\t\t\t\t\t\t\t\t<\/div>\n\t\t\t\t<div class=\"elementor-element elementor-element-9c80281 elementor-widget-divider--view-line elementor-widget elementor-widget-divider\" data-id=\"9c80281\" data-element_type=\"widget\" data-e-type=\"widget\" data-widget_type=\"divider.default\">\n\t\t\t\t\t\t\t<div class=\"elementor-divider\">\n\t\t\t<span class=\"elementor-divider-separator\">\n\t\t\t\t\t\t<\/span>\n\t\t<\/div>\n\t\t\t\t\t\t<\/div>\n\t\t\t\t<\/div>\n\t\t\t\t<\/div>\n\t\t<div class=\"elementor-element elementor-element-eb71bbd e-con-full e-flex e-con e-child\" data-id=\"eb71bbd\" data-element_type=\"container\" data-e-type=\"container\">\n\t\t<div class=\"elementor-element elementor-element-050200e e-con-full e-flex e-con e-child\" data-id=\"050200e\" data-element_type=\"container\" data-e-type=\"container\">\n\t\t\t\t<div class=\"elementor-element elementor-element-7ff8912 elementor-widget elementor-widget-heading\" data-id=\"7ff8912\" data-element_type=\"widget\" data-e-type=\"widget\" data-widget_type=\"heading.default\">\n\t\t\t\t\t<h2 class=\"elementor-heading-title elementor-size-default\">Provider<\/h2>\t\t\t\t<\/div>\n\t\t\t\t<div class=\"elementor-element elementor-element-505ce25 elementor-widget elementor-widget-text-editor\" data-id=\"505ce25\" data-element_type=\"widget\" data-e-type=\"widget\" data-widget_type=\"text-editor.default\">\n\t\t\t\t\t\t\t\t\t<p><strong>Ionos 1&amp;1<\/strong><br \/>7 Place de la Gare<br \/>57200 Sarreguemines<br \/>ionos.fr<\/p><p>SARL au Capital de 100.000 EUR ayant son si\u00e8ge social \u00e0 Sarreguemines, France immatricul\u00e9e sous le num\u00e9ro de SIRET 431 303 775 000 16 \u2013 APE 642 B \u2013 R.C.S Sarreguemines.<\/p><p>Direction : Achim WEISS , Matthias STEINBERG.<br \/>N\u00b0TVA : FR 13 431303775<br \/>T\u00e9l\u00e9phone : +33 (0)970 808 911<\/p>\t\t\t\t\t\t\t\t<\/div>\n\t\t\t\t<div class=\"elementor-element elementor-element-b390873 elementor-widget-divider--view-line elementor-widget elementor-widget-divider\" data-id=\"b390873\" data-element_type=\"widget\" data-e-type=\"widget\" data-widget_type=\"divider.default\">\n\t\t\t\t\t\t\t<div class=\"elementor-divider\">\n\t\t\t<span class=\"elementor-divider-separator\">\n\t\t\t\t\t\t<\/span>\n\t\t<\/div>\n\t\t\t\t\t\t<\/div>\n\t\t\t\t<\/div>\n\t\t<div class=\"elementor-element elementor-element-864bc0c e-con-full e-flex e-con e-child\" data-id=\"864bc0c\" data-element_type=\"container\" data-e-type=\"container\">\n\t\t\t\t<div class=\"elementor-element elementor-element-bfef9d1 elementor-widget elementor-widget-heading\" data-id=\"bfef9d1\" data-element_type=\"widget\" data-e-type=\"widget\" data-widget_type=\"heading.default\">\n\t\t\t\t\t<h2 class=\"elementor-heading-title elementor-size-default\">Identity &amp; webdesign<\/h2>\t\t\t\t<\/div>\n\t\t\t\t<div class=\"elementor-element elementor-element-0dec2e6 elementor-widget elementor-widget-text-editor\" data-id=\"0dec2e6\" data-element_type=\"widget\" data-e-type=\"widget\" data-widget_type=\"text-editor.default\">\n\t\t\t\t\t\t\t\t\t<strong>Micha\u00ebl van Houten<\/strong><br>\n<a href=\"https:\/\/www.g981.com\/\" target=\"_blank\" rel=\"noopener\">Logo and webdesign<\/a><br>\ng981.com\t\t\t\t\t\t\t\t<\/div>\n\t\t\t\t<div class=\"elementor-element elementor-element-15d31f4 elementor-widget-divider--view-line elementor-widget elementor-widget-divider\" data-id=\"15d31f4\" data-element_type=\"widget\" data-e-type=\"widget\" data-widget_type=\"divider.default\">\n\t\t\t\t\t\t\t<div class=\"elementor-divider\">\n\t\t\t<span class=\"elementor-divider-separator\">\n\t\t\t\t\t\t<\/span>\n\t\t<\/div>\n\t\t\t\t\t\t<\/div>\n\t\t\t\t<\/div>\n\t\t\t\t<\/div>\n\t\t\t\t\t<\/div>\n\t\t\t\t<\/div>\n\t\t\t\t<\/div>\n\t\t","protected":false},"excerpt":{"rendered":"<p>Legal notice Site editor Parle Moi de Parfum10 Rue de S\u00e9vign\u00e975004 ParisFrance SIRET : 820 363 927 00014 Publication manager Benjamin Almairaccontact@parlemoideparfum.com+33 (0)9 86 47 07 99 Provider Ionos 1&amp;17 Place de la Gare57200 Sarregueminesionos.fr SARL au Capital de 100.000 EUR ayant son si\u00e8ge social \u00e0 Sarreguemines, France immatricul\u00e9e sous le num\u00e9ro de SIRET 431 [&hellip;]<\/p>\n","protected":false},"author":1,"featured_media":0,"parent":0,"menu_order":0,"comment_status":"closed","ping_status":"closed","template":"","meta":{"footnotes":""},"folder":[],"class_list":["post-3015","page","type-page","status-publish","hentry"],"_links":{"self":[{"href":"https:\/\/parfums.g981.net\/en\/wp-json\/wp\/v2\/pages\/3015","targetHints":{"allow":["GET"]}}],"collection":[{"href":"https:\/\/parfums.g981.net\/en\/wp-json\/wp\/v2\/pages"}],"about":[{"href":"https:\/\/parfums.g981.net\/en\/wp-json\/wp\/v2\/types\/page"}],"author":[{"embeddable":true,"href":"https:\/\/parfums.g981.net\/en\/wp-json\/wp\/v2\/users\/1"}],"replies":[{"embeddable":true,"href":"https:\/\/parfums.g981.net\/en\/wp-json\/wp\/v2\/comments?post=3015"}],"version-history":[{"count":0,"href":"https:\/\/parfums.g981.net\/en\/wp-json\/wp\/v2\/pages\/3015\/revisions"}],"wp:attachment":[{"href":"https:\/\/parfums.g981.net\/en\/wp-json\/wp\/v2\/media?parent=3015"}],"wp:term":[{"taxonomy":"folder","embeddable":true,"href":"https:\/\/parfums.g981.net\/en\/wp-json\/wp\/v2\/folder?post=3015"}],"curies":[{"name":"wp","href":"https:\/\/api.w.org\/{rel}","templated":true}]}}